{"id":86,"date":"2014-03-31T14:02:24","date_gmt":"2014-03-31T14:02:24","guid":{"rendered":"http:\/\/www.microscopycourse.nl\/?page_id=86"},"modified":"2014-04-10T06:44:31","modified_gmt":"2014-04-10T04:44:31","slug":"nanoscopy-netherlands-2014","status":"publish","type":"page","link":"http:\/\/www.microscopycourse.nl\/?page_id=86","title":{"rendered":"Nanoscopy Netherlands 2014"},"content":{"rendered":"<p><span style=\"color: darkred; font-size: medium;\"><strong><span style=\"font-family: Trebuchet MS;\"><span style=\"color: darkred;\">Title:<\/span> <span style=\"color: #000000;\">Nanoscopy Netherlands 2014<img loading=\"lazy\" decoding=\"async\" class=\"alignright size-thumbnail wp-image-438\" alt=\"logo-nikon\" src=\"http:\/\/www.microscopycourse.nl\/wp-content\/uploads\/logo-nikon-150x150.png\" width=\"150\" height=\"150\" srcset=\"http:\/\/www.microscopycourse.nl\/wp-content\/uploads\/logo-nikon-150x150.png 150w, http:\/\/www.microscopycourse.nl\/wp-content\/uploads\/logo-nikon-100x100.png 100w, http:\/\/www.microscopycourse.nl\/wp-content\/uploads\/logo-nikon.png 175w\" sizes=\"auto, (max-width: 150px) 100vw, 150px\" \/><img loading=\"lazy\" decoding=\"async\" class=\"alignright size-thumbnail wp-image-439\" alt=\"logo-stw\" src=\"http:\/\/www.microscopycourse.nl\/wp-content\/uploads\/logo-stw-150x150.png\" width=\"150\" height=\"150\" \/><\/span><br \/>\n<span style=\"color: darkred;\">Date:<\/span> <span style=\"color: #000000;\">29-30 January 2014<\/span><br \/>\n<span style=\"color: darkred;\">Location:<\/span> <span style=\"color: #000000;\">FNWI, University of Amsterdam, <\/span><\/span><\/strong><\/span><span style=\"color: darkred; font-size: large;\"><strong><span style=\"font-family: Trebuchet MS;\"><span style=\"color: #000000; font-size: medium;\">Amsterdam<\/span><br \/>\n<span style=\"font-size: medium;\"><span style=\"color: darkred;\"> Organiser:<\/span> <span style=\"color: #000000;\">Erik Manders<\/span><\/span><br \/>\n<span style=\"font-size: medium;\"><span style=\"color: darkred;\">Sponsor:<\/span> <span style=\"color: #000000;\">Nikon Instruments<\/span><\/span><\/span><\/strong><\/span><\/p>\n<p>&nbsp;<\/p>\n<h3><strong>Introduction<\/strong><\/h3>\n<p>Two years ago a large-scale program on the development of super-resolution technology has started in The Netherlands. This national program has been granted by Technology Foundation STW (STW-perspectief) to a consortium of scientists and companies to make nanoscopy broadly applicable in biomedical research.<\/p>\n<p align=\"left\">In October 2012, now one year ago, we opened in Amsterdam the Nikon Centre of Excellence on Super Resolution Microscopy Development, a collaborative centre of the Van Leeuwenhoek Centre for Advanced Microscopy of the University of Amsterdam and Nikon Instruments Europe. Apart from a scientific collaboration on development of new technology, we organize trainings and courses. In addition, we will organize symposia on super-resolution microscopy technology and its biological applications. The organisation of this symposium was an initiative within the Centre of Excellence and Nikon decided to fully sponsor this event which allowed us to invite excellent speakers.<\/p>\n<p align=\"left\">We invite you to come to this symposium in super-resolution microscopy and its applications in biomedical sciences. We have found a large number of excellent speakers who will explain the basic techniques and show their most recent results. In addition some of the members of the nanoscopy consortium will show the half-way results of the program.<\/p>\n<p align=\"left\"><span style=\"font-family: Trebuchet MS, Arial, Helvetica;\">This symposium will be a interesting for scientists ranging from the just-starting microscopists to experts in super-resolution microscopy, ranging from biologists interested in new technology to physicists interested in biological and ranging from just-started master-students to most-experienced professors.<br \/>\nWe welcome you to \u201cNanoscopy Netherlands 2014\u201d.<br \/>\n<em>Erik Manders<\/em><\/span><\/p>\n<h3><strong>Program<\/strong><\/h3>\n<p>During the symposium all the current super-resolution microscopy techniques will be discussed. On Wednesday morning (January 29) we will start with some introductory lectures and in the afternoon Structured Illumination Microscopy and related techniques will be the topic. On Thursday (January 30) the main topic will be localisation microscopy techniques like PALM, STORM and GSDIM but also molecule tracking, new fluorescent molecules and STED microscopy will be discussed.<\/p>\n<h3><span style=\"font-family: Trebuchet MS, Arial, Helvetica;\"><span style=\"color: #00ff00; font-family: Berlin Sans FB; font-size: x-large;\"><span style=\"color: darkred;\"><strong>Nanoscopy Netherlands 2014<\/strong><\/span><\/span><\/span><\/h3>\n<p>Venue: Room C1.110, Science Park 904, Amsterdam, The Netherlands<\/p>\n<h3><span style=\"color: darkred; font-family: Berlin Sans FB; font-size: large;\"><strong>Wednesday, January 29, 2014<\/strong><\/span><\/h3>\n<p>10:00 &#8211; 11:00 Registration and coffee in main hall of Science Park<\/p>\n<p><span style=\"color: darkred; font-family: Berlin Sans FB; font-size: large;\"><strong>Session 1: Introduction and Structured Illumination Microscopy <\/strong><\/span><br \/>\n11:00 &#8211; 11:15 Welcome<br \/>\nErik Manders (UvA) and Sumio Eimori (Nikon)<br \/>\n11:15 &#8211; 11:45 Why microscopy is essential in an omics world<br \/>\nHans Tanke ( Leiden University, Netherlands)<br \/>\n11:45 &#8211; 12:15 Structured illumination and confocal microscopy<br \/>\nTony Wilson (Oxford University, United Kingdom)<br \/>\n12:15 &#8211; 12:45 Correlative SIM-TEM imaging in studies of higher-order chromatin folding<br \/>\nIgor Kireev (Moscow State University, Moscow, Russia)<br \/>\n12:45 &#8211; 14:00 Lunch<\/p>\n<p><span style=\"color: darkred; font-family: Berlin Sans FB; font-size: large;\"><strong>Session 2: Structured Illumination Microscopy <\/strong><\/span><br \/>\n14:00 &#8211; 14:30 Deriving the resolution from the uncertainty principle<br \/>\nErnst Stelzer (Goethe Universit\u00e4t Frankfurt am Main, Germany)<br \/>\n14:30 &#8211; 15:00 Beating the diffraction limit with Nikon Super Resolution Microscopes<br \/>\nCatherine Kitts (Nikon Europe BV, Amsterdam, Netherlands)<br \/>\n15:00 &#8211; 15.30 Multi-Focus Microscopy\u201c<br \/>\nSara Abrahamsson (The Rockefeller University, New York, USA)<br \/>\n15:30 &#8211; 16:00 Tea break<\/p>\n<p><span style=\"color: darkred; font-family: Berlin Sans FB; font-size: large;\"><strong>Session 3: Localization microscopy <\/strong><\/span><br \/>\n16:00 &#8211; 16:30 Advances in superresolution microscopy: from developing probes to superresolution imaging in C. elegans\u201c<br \/>\nJohan Hofkens (University Leuven, Leuven, Belgium)<br \/>\n16:30 &#8211; 17:00 Fast reversible photoconversion of fluorescent proteins for better resolution in time and space\u201c<br \/>\nAlexander Mishin (Institute of Bioorganic Chemistry, Moscow, Russia)<br \/>\n17:00 Drinks in main hall of Science Park<\/p>\n<p><span style=\"color: darkred;\"><span style=\"font-family: Berlin Sans FB; font-size: large;\"><strong> Thursday, January 30, 2014<\/strong><\/span> <span style=\"font-family: Berlin Sans FB; font-size: large;\"><strong>Session 4: Point-scanning super-resolution techniques <\/strong><\/span><\/span><br \/>\n9:00 &#8211; 9:30 Optical Photon Reassignment Microscopy<br \/>\nRainer Heintzmann (Institute of Photonic Technology, Jena, Germany)<br \/>\n9:30 &#8211; 10:00 Doubled resolution at 100 frames per second\u201c<br \/>\nAndrew York (NIH, Bethesda, Maryland, USA)<br \/>\n10:00 &#8211; 10:30 Re-scan Confocal Microscopy\u201c<br \/>\nErik Manders (University of Amsterdam, Amsterdam, The Netherlands)<br \/>\n10:30 &#8211; 11:00 Coffee break<\/p>\n<p><span style=\"color: darkred; font-family: Berlin Sans FB; font-size: large;\"><strong>Session 5: Localization microscopy <\/strong><\/span><br \/>\n11:00 &#8211; 11:30 Eight Years of Single Molecule Localization Microscopy<br \/>\nMarkus Sauer (Universit\u00e4t W\u00fcrzburg, W\u00fcrzburg, Germany)<br \/>\n11:30 &#8211; 12:00 Making localization microscopy count<br \/>\nSjoerd Stallinga (Technical University Delft, Delft, Netherlands)<br \/>\n12:00- 12:30 Image reconstruction for localization microscopy<br \/>\nMarten Postma (University of Amsterdam, Amsterdam, The Netherlands)<br \/>\n12.30- 13:45 Lunch<\/p>\n<p><span style=\"color: darkred; font-family: Berlin Sans FB; font-size: large;\"><strong> Session 6: Live-cell super-resolution<\/strong><\/span><br \/>\n13:45 &#8211; 14:15 Light Sheet-based Fluorescence Microscopy (SPIM, DSLM, LSFM) for high spatio-temporal resolution<br \/>\nErnst Stelzer (Goethe Universit\u00e4t Frankfurt am Main, Germany)<br \/>\n14:15 &#8211; 14:45 Nanoscopy and light sheet microscopy in immunology<br \/>\nMatthias Gunzer (University of Duisburg-Essen, Germany)<br \/>\n14:45 &#8211; 15:15 Cell type-specific STORM imaging in brain circuits<br \/>\nIstv\u00e1n Katona (Institute of Experimental Med., Budapest, Hungary)<br \/>\n15:15 &#8211; 15:45 Tea break<\/p>\n<p><span style=\"color: darkred; font-family: Berlin Sans FB; font-size: large;\"><strong> Session 7: STED-microscopy <\/strong><\/span><br \/>\n15:45 &#8211; 16:15 STED nanoscopy combined with optical tweezers: a dynamics of proteins on densely covered DNA<br \/>\nErwin Peterman (Free University, Amsterdam, Netherlands)<br \/>\n16:15 &#8211; 16:45 Beyond STED microscopy<br \/>\nPaolo Bianchini (Istituto Italiano di Tecnologia, Genova, Italy)<br \/>\n16:45 &#8211; 17:00 Closing session<br \/>\nFred Brakenhoff and Erik Manders (University of Amsterdam, The Netherlands)<\/p>\n","protected":false},"excerpt":{"rendered":"<p>Title: Nanoscopy Netherlands 2014 Date: 29-30 January 2014 Location: FNWI, University of Amsterdam, Amsterdam Organiser: Erik Manders Sponsor: Nikon Instruments &nbsp; Introduction Two years ago a large-scale program on the development of super-resolution technology has started in The Netherlands. This &hellip;<\/p>\n<p class=\"read-more\"> <a class=\"more-link\" href=\"http:\/\/www.microscopycourse.nl\/?page_id=86\"> <span class=\"screen-reader-text\">Nanoscopy Netherlands 2014<\/span> Read More &raquo;<\/a><\/p>\n","protected":false},"author":1,"featured_media":0,"parent":56,"menu_order":0,"comment_status":"closed","ping_status":"closed","template":"full-width-page.php","meta":{"footnotes":""},"class_list":["post-86","page","type-page","status-publish","hentry"],"_links":{"self":[{"href":"http:\/\/www.microscopycourse.nl\/index.php?rest_route=\/wp\/v2\/pages\/86","targetHints":{"allow":["GET"]}}],"collection":[{"href":"http:\/\/www.microscopycourse.nl\/index.php?rest_route=\/wp\/v2\/pages"}],"about":[{"href":"http:\/\/www.microscopycourse.nl\/index.php?rest_route=\/wp\/v2\/types\/page"}],"author":[{"embeddable":true,"href":"http:\/\/www.microscopycourse.nl\/index.php?rest_route=\/wp\/v2\/users\/1"}],"replies":[{"embeddable":true,"href":"http:\/\/www.microscopycourse.nl\/index.php?rest_route=%2Fwp%2Fv2%2Fcomments&post=86"}],"version-history":[{"count":10,"href":"http:\/\/www.microscopycourse.nl\/index.php?rest_route=\/wp\/v2\/pages\/86\/revisions"}],"predecessor-version":[{"id":442,"href":"http:\/\/www.microscopycourse.nl\/index.php?rest_route=\/wp\/v2\/pages\/86\/revisions\/442"}],"up":[{"embeddable":true,"href":"http:\/\/www.microscopycourse.nl\/index.php?rest_route=\/wp\/v2\/pages\/56"}],"wp:attachment":[{"href":"http:\/\/www.microscopycourse.nl\/index.php?rest_route=%2Fwp%2Fv2%2Fmedia&parent=86"}],"curies":[{"name":"wp","href":"https:\/\/api.w.org\/{rel}","templated":true}]}}